{"id":4415,"date":"2020-11-08T21:15:02","date_gmt":"2020-11-08T20:15:02","guid":{"rendered":"http:\/\/ppkhok.elte.hu\/?page_id=4415"},"modified":"2020-11-08T21:15:40","modified_gmt":"2020-11-08T20:15:40","slug":"interju-szelenyi-bencevel-zene-nelkul-mit-erek-en","status":"publish","type":"page","link":"https:\/\/ppkhok.elte.hu\/?page_id=4415","title":{"rendered":"Interj\u00fa Szel\u00e9nyi Benc\u00e9vel &#8211; &#8222;Zene n\u00e9lk\u00fcl mit \u00e9rek \u00e9n?&#8221;"},"content":{"rendered":"\n<p><\/p>\n\n\n\n<p>Ebben a h\u00f3napban a szabads\u00e1g t\u00e9mak\u00f6r\u00e9t j\u00e1rjuk k\u00f6rbe \u00e9s mi is adhatna nek\u00fcnk nagyobb szabads\u00e1got, mint a zene. Szel\u00e9nyi Benc\u00e9vel besz\u00e9lgettem zen\u00e9r\u0151l, a <strong>zene adta szabads\u00e1gr\u00f3l<\/strong>, kult\u00far\u00e1r\u00f3l \u00e9s annak meghat\u00e1roz\u00f3 jelleg\u00e9r\u0151l. Az \u00e9let\u00e9nek \u00e9s szem\u00e9ly\u00e9nek fontos sarokk\u00f6ve a zene \u00e9s nem mellesleg a <strong>PPK hallgat\u00f3ja<\/strong>.<\/p>\n\n\n\n<p><em><strong>Hogyan kezd\u0151d\u00f6tt a kapcsolatod a zen\u00e9vel?<\/strong><\/em><\/p>\n\n\n\n<p>Anyuk\u00e1m meglehet\u0151sen neves zongoratan\u00e1r, de az eg\u00e9sz csal\u00e1d er\u0151sen zenei vonalon mozog. A sz\u00fcleim m\u00e9gsem er\u0151ltett\u00e9k r\u00e1m k\u00f6telez\u0151 jelleggel a zenetanul\u00e1st, ez\u00e9rt az, hogy \u00e9n megtanulok zen\u00e9lni abszol\u00fat a saj\u00e1t d\u00f6nt\u00e9sem volt. Eg\u00e9szen 12 \u00e9ves koromig fociztam, j\u00e1tszottam \u00e9s minden m\u00e1ssal foglalkoztam. Egyszer meg akartam tanulni egy egyszer\u0171 darabot, anyuk\u00e1m le\u00fcltetett, megmutatta mi az, hogy k\u00e9ztart\u00e1s \u00e9s ut\u00e1na autodidakta m\u00f3don tanultam j\u00e1tszani. \u00c9ppen emiatt mindig megvolt a saj\u00e1t, bels\u0151 motiv\u00e1ci\u00f3m. A sz\u00fcleim nem forsz\u00edrozt\u00e1k, hagyt\u00e1k m\u00edg t\u00e9nyleg a magam \u00f6r\u00f6m\u00e9re v\u00e1gtam bele. Sajnos ennek a h\u00e1tr\u00e1nya, hogy kott\u00e1t ma sem tudok olvasni, mert nem kellett soha.&nbsp; \u00c1ltal\u00e1ban hall\u00e1s ut\u00e1n j\u00e1tszottam meg j\u00e1tszom el, ami megtetszik.<\/p>\n\n\n\n<p><em><strong>Mikor sz\u00fcletett meg benned a gondolat, hogy te magad is \u00edrn\u00e1l zen\u00e9t?<\/strong><\/em><\/p>\n\n\n\n<p>Sok\u00e1ig nem foglalkoztam ilyesmivel, k\u00f6r\u00fclbel\u00fcl 15-16 \u00e9ves lehettem, amikor el\u0151sz\u00f6r megpr\u00f3b\u00e1lkoztam a zeneszerz\u00e9ssel. Az els\u0151 p\u00e1r darabom nem siker\u00fclt t\u00fal f\u00e9nyesen, de kezd\u00e9snek mindenk\u00e9pp j\u00f3 volt. Igaz\u00e1b\u00f3l az\u00f3ta folyamatosan \u00edrok, lehet 30-40 szerzem\u00e9nyem nagyj\u00e1b\u00f3l. Csak mindig elfelejtem \u0151ket, mert nem tudom rendesen le\u00edrni, de hall\u00e1s ut\u00e1n le tudom j\u00e1tszani mindegyiket.&nbsp;<\/p>\n\n\n\n<p><em><strong>Minek a hat\u00e1s\u00e1ra v\u00e1gtad egy ilyen kih\u00edv\u00e1sba a fejsz\u00e9det?<\/strong><\/em><\/p>\n\n\n\n<p>Legink\u00e1bb filmzen\u00e9k ut\u00e1n. Nagyon szeretem a filmeket, viszonylag otthon is vagyok a t\u00e9m\u00e1ban \u00e9s szerettem volna olyasmit alkotni. Szerintem hasonl\u00edt is a zen\u00e9m az \u00e1ltalam kedvelt filmzen\u00e9khez \u00e9s mindig lapult bennem valahol egyfajta kre\u00e1lni v\u00e1gy\u00e1s, hogy valamit adjak magamb\u00f3l.&nbsp;<\/p>\n\n\n\n<p><em><strong>Hogyan \u00edrod a zen\u00e9d?<\/strong><\/em><\/p>\n\n\n\n<p>N\u00e1lam ez \u00fagy m\u0171k\u00f6dik: r\u00e9gen \u00edrtam zen\u00e9t, akarok \u00edrni egy dallamot, akkor le\u00fcl\u00f6k a zongora el\u00e9 \u00e9s neki\u00e1llok. A hangulatom valamennyire befoly\u00e1solja a jelleg\u00e9t, hogy d\u00far-ban vagy moll-ban \u00edrom, de pl. az, hogy melyik hangr\u00f3l kezdem, mindig alapb\u00f3l megvan a fejemben. Rendszerint az, hogy r\u00e9gen \u00edrtam valamit, a legnagyobb motiv\u00e1ci\u00f3 bennem. Nagyon tudatosan \u00e1llok hozz\u00e1 a zene \u00edr\u00e1shoz, viszont amikor m\u00e1r a zongora el\u0151tt \u00fcl\u00f6k, elragadnak az \u00e9rz\u00e9seim is.<\/p>\n\n\n\n<p><em><strong>Ennek ellen\u00e9re tapasztalt\u00e1l m\u00e1r ext\u00e1zis \u00e9lm\u00e9nyt kompon\u00e1l\u00e1s k\u00f6zben?<\/strong><\/em><\/p>\n\n\n\n<p>Persze, nincs ann\u00e1l jobb \u00e9rz\u00e9s, mint amikor a saj\u00e1t zen\u00e9dt\u0151l r\u00e1z ki a hideg.<\/p>\n\n\n\n<p><em><strong>Hova kategoriz\u00e1ln\u00e1d be a saj\u00e1t zen\u00e9det?<\/strong><\/em><\/p>\n\n\n\n<p>Alapvet\u0151en a zen\u00e9m modern, de a klasszikusokt\u00f3l egy-egy szeletet, egy-egy min\u0151s\u00e9gi momentumot rendszerint beemelek \u00edr\u00e1s k\u00f6zben \u00e9s ez el\u00e9g meghat\u00e1roz\u00f3 az eg\u00e9sz zen\u00e9re n\u00e9zve.<br>Azt a teljess\u00e9get sosem fogom tudni \u00e1tadni, amit a nagy klasszikusok, tal\u00e1n \u00e9rt\u00e9kelni sem tudom \u00fagy, mint \u0151k. Nekem sok, \u00e9n jobban szeretem az egyszer\u0171bbet, letisztultabbat, de apr\u00f3 r\u00e9szleteket felfedezni v\u00e9lek a saj\u00e1t zen\u00e9mben is t\u0151l\u00fck vagy \u00e1ltaluk.<\/p>\n\n\n\n<p><em><strong>Kit eml\u00edten\u00e9l, aki igaz\u00e1n nagy hat\u00e1ssal volt r\u00e1d illetve a zen\u00e9dre?<\/strong><\/em><\/p>\n\n\n\n<p>Hans Zimmer mindenk\u00e9ppen. Sok az \u00f6v\u00e9hez hasonl\u00f3 hangz\u00e1s v\u00e9lhet\u0151 felfedezni az \u00e9n zen\u00e9mben is. A Two steps from hell-t is mindenk\u00e9ppen eml\u00edten\u00e9m. Meg vagyok r\u00f3la gy\u0151z\u0151dve, hogy Two steps from hell zen\u00e9t mindenki hallott m\u00e1r \u00e9let\u00e9ben, csak nem tudta, hogy \u0151k \u00edrt\u00e1k.&nbsp;<\/p>\n\n\n\n<p><em><strong>Mit gondolsz, a kor, a kult\u00fara, a k\u00f6r\u00fclm\u00e9nyek, az emberek mennyire \u00e9s milyen szinten hat\u00e1rozz\u00e1k meg mondjuk egy zeneszerz\u0151 sz\u00e1m\u00e1ra a saj\u00e1t zen\u00e9j\u00e9t?<\/strong><\/em><\/p>\n\n\n\n<p>Elker\u00fclhetetlen, hogy befoly\u00e1soljon minket a k\u00f6rnyezet\u00fcnk. A mi jelen\u00fcnkben, a mi t\u00e1rsadalmunk elk\u00e9peszt\u0151 nagy szabads\u00e1got adott sz\u00e1munkra, minden t\u00e9ren. \u00c9rt\u00e9krend, gondolkod\u00e1s szempontj\u00e1b\u00f3l is. Ez biztos\u00edtotta azt a zenei soksz\u00edn\u0171s\u00e9get, amit ma tapasztalhatunk. Ezzel szemben \u00e1ll az a t\u00e9ny, hogy minden l\u00e9tez\u0151 dallammenetet le\u00edrtak m\u00e1r. Ez nagyon bekorl\u00e1tozza a zeneszerz\u0151ket, de ebben kell felfedezni valahogy a szabads\u00e1got \u00e9s meg is teszik. Ehhez persze kellett az, hogy kit\u00e1guljon a m\u0171v\u00e9szet, a zene fogalma.<\/p>\n\n\n\n<figure class=\"wp-block-image size-large\"><img loading=\"lazy\" decoding=\"async\" width=\"908\" height=\"632\" src=\"http:\/\/ppkhok.elte.hu\/wp-content\/uploads\/2020\/11\/Szelenyiii-2.jpg\" alt=\"\" class=\"wp-image-4416\" srcset=\"https:\/\/ppkhok.elte.hu\/wp-content\/uploads\/2020\/11\/Szelenyiii-2.jpg 908w, https:\/\/ppkhok.elte.hu\/wp-content\/uploads\/2020\/11\/Szelenyiii-2-300x209.jpg 300w, https:\/\/ppkhok.elte.hu\/wp-content\/uploads\/2020\/11\/Szelenyiii-2-768x535.jpg 768w, https:\/\/ppkhok.elte.hu\/wp-content\/uploads\/2020\/11\/Szelenyiii-2-700x487.jpg 700w\" sizes=\"auto, (max-width: 908px) 100vw, 908px\" \/><figcaption><em>Bence az interj\u00fa k\u00f6zben<\/em><br><em>(Forr\u00e1s: saj\u00e1t k\u00e9p)<\/em><br><\/figcaption><\/figure>\n\n\n\n<p><em><strong>K\u00e9ptelens\u00e9g kiszakadni a saj\u00e1t kult\u00far\u00e1nkb\u00f3l?<\/strong><\/em><\/p>\n\n\n\n<p>A kult\u00fara nagyon er\u0151s hat\u00e1ssal van r\u00e1nk, de van egy biol\u00f3giai alapegys\u00e9g\u00fcnk. Mindenkiben van egy alapvet\u0151 \u00f6nmegval\u00f3s\u00edt\u00e1si v\u00e1gy, egy legbels\u0151 \u00f6nazonos motiv\u00e1ci\u00f3, ha ezt levezetj\u00fck zen\u00e9re, akkor a zen\u00e9vel kapcsolatban is van benned egy bels\u0151 \u00e9rt\u00e9k, amit te tudsz adni. Szerintem nem k\u00e9ptelens\u00e9g, a kultur\u00e1lis befoly\u00e1solts\u00e1g ellen\u00e9re, ha te valami m\u00e1st szeretn\u00e9l alkotni, adni magadb\u00f3l a vil\u00e1gnak az mindenk\u00e9ppen extra lesz.&nbsp;<\/p>\n\n\n\n<p><em><strong>Ezek alapj\u00e1n nevezhet\u00fcnk egy zeneszerz\u0151t egyedinek?<\/strong><\/em><\/p>\n\n\n\n<p>\u00c9n azt gondolom, hogy igen. Az egyedis\u00e9g nem f\u00fcgg a m\u00e1r le\u00edrt dallamok ismerts\u00e9g\u00e9t\u0151l. Az egyedis\u00e9g ebben az esetben jelentheti azt, hogy \u00f6sszekapcsolsz k\u00e9t olyan dolgot, ami kor\u00e1bban elk\u00e9pzelhetetlen volt.&nbsp;<\/p>\n\n\n\n<p><em><strong>Zenehallgat\u00e1s k\u00f6zben ink\u00e1bb f\u00f3kusz\u00e1lsz a dallamra, mint a sz\u00f6vegre?<\/strong><\/em><\/p>\n\n\n\n<p>Igen, ez abszol\u00fat \u00edgy van. Nekem ahhoz k\u00fcl\u00f6n akt\u00edvan koncentr\u00e1lnom a sz\u00f6vegre, hogy igaz\u00e1n meg\u00e9rtsem, vagy \u00e1t\u00e9rezzem. A zene sz\u00e1momra a dallam, ami t\u00e9nylegesen megfog.&nbsp;<\/p>\n\n\n\n<p><em><strong>Mit gondolsz a saj\u00e1t zen\u00e9dr\u0151l? A visszahallgat\u00e1sn\u00e1l hallasz hib\u00e1kat vagy teljesen el\u00e9gedett szokt\u00e1l lenni?<\/strong><\/em><\/p>\n\n\n\n<p>K\u00fcl\u00f6n v\u00e1lasztan\u00e1m a zen\u00e9t, amit meg\u00edrtam att\u00f3l, ahogyan lej\u00e1tszom. A meg\u00edrt zen\u00e9vel nem szokott probl\u00e9m\u00e1m lenni, mert \u00e9ppen akkor abban az id\u0151ben, amikor meg\u00edrtam \u00e9n azt gondoltam, hogy ez \u00edgy j\u00f3. Olyan munk\u00e1t nem adok ki a kezemb\u0151l, amivel az \u00edr\u00e1s pillanat\u00e1ban nem vagyok teljesen el\u00e9gedett. Most, ha visszahallgatom, ugyan\u00fagy \u00e9lvezem, m\u00e1r m\u00e1st \u00edrn\u00e9k, de amit egyszer meg\u00edrtam, azon nem v\u00e1ltoztatn\u00e9k. F\u0151k\u00e9nt ink\u00e1bb zeneszerz\u0151nek gondolom magam \u00e9s nem zongorist\u00e1nak, ez\u00e9rt vannak hib\u00e1im a technik\u00e1val. Kritikusabb vagyok magammal ezen a t\u00e9ren \u00e9s gyakran meg is hallom ezeket a hib\u00e1kat. Akkor lenne t\u00f6k\u00e9letes, ha \u00edrn\u00e9k egy zen\u00e9t \u00e9s egy zongoram\u0171v\u00e9sz j\u00e1tszan\u00e1 le.&nbsp;<\/p>\n\n\n\n<p><em><strong>Nem b\u00e1nn\u00e1d, hogy m\u00e1s lenne, ha nem te j\u00e1tszan\u00e1d le?\u00a0<\/strong><\/em><\/p>\n\n\n\n<p>Ebben lehet, hogy igazad van. Nem tudom, nem volt m\u00e9g ilyen. A koncerteken is mindig \u00e9n j\u00e1tszottam.<\/p>\n\n\n\n<p><em><strong>Milyen koncertekr\u0151l van sz\u00f3?<\/strong><\/em><\/p>\n\n\n\n<p>Kis dolgokra gondolj. Gimn\u00e1ziumban \u0151szi, tavaszi koncerteken l\u00e9ptem fel. Volt, hogy direkt egy ilyen esem\u00e9nyre \u00edrtam zen\u00e9ket. PPK-n volt kett\u0151 Zen\u00e9sest, amin zongor\u00e1ztam. Egy kedves \u00edr\u00f3 ismer\u0151s\u00f6mmel is dolgoztunk egyszer koal\u00edci\u00f3ban. A novell\u00e1ihoz \u00edrtam zen\u00e9t \u00e9s \u00edgy csin\u00e1ltunk egy el\u0151ad\u00e1st. Az nem min\u0151s\u00fcl koncertnek, de st\u00fadi\u00f3ban is voltunk felvenni a zen\u00e9imet, amiket feltettem a Youtube csatorn\u00e1mra.<\/p>\n\n\n\n<p><em><strong>Sz\u00edvesen l\u00e9psz fel?<\/strong><\/em><\/p>\n\n\n\n<p>Igen, nagyon. Koncerten mindig jobban j\u00e1tszom.&nbsp;<\/p>\n\n\n\n<figure class=\"wp-block-image size-large\"><img loading=\"lazy\" decoding=\"async\" width=\"1024\" height=\"684\" src=\"http:\/\/ppkhok.elte.hu\/wp-content\/uploads\/2020\/11\/szelenyi-1024x684.jpg\" alt=\"\" class=\"wp-image-4417\" srcset=\"https:\/\/ppkhok.elte.hu\/wp-content\/uploads\/2020\/11\/szelenyi-1024x684.jpg 1024w, https:\/\/ppkhok.elte.hu\/wp-content\/uploads\/2020\/11\/szelenyi-300x200.jpg 300w, https:\/\/ppkhok.elte.hu\/wp-content\/uploads\/2020\/11\/szelenyi-768x513.jpg 768w, https:\/\/ppkhok.elte.hu\/wp-content\/uploads\/2020\/11\/szelenyi-1536x1025.jpg 1536w, https:\/\/ppkhok.elte.hu\/wp-content\/uploads\/2020\/11\/szelenyi-700x467.jpg 700w, https:\/\/ppkhok.elte.hu\/wp-content\/uploads\/2020\/11\/szelenyi.jpg 2048w\" sizes=\"auto, (max-width: 1024px) 100vw, 1024px\" \/><figcaption><em>Bence az Eklektiken zongor\u00e1zik<\/em><br><em>(Forr\u00e1s: Media Group)<\/em><br><\/figcaption><\/figure>\n\n\n\n<p>Nagyon sz\u00e9pen k\u00f6sz\u00f6n\u00f6m a besz\u00e9lget\u00e9st Benc\u00e9nek, ha valakinek felkeltette az \u00e9rdekl\u0151d\u00e9s\u00e9t a zen\u00e9je, szeretettel aj\u00e1nlom a Youtube csatorn\u00e1j\u00e1t. Az al\u00e1bbi linken azonnal az egyik dala \u00e9rhet\u0151 el:&nbsp;<\/p>\n\n\n\n<figure class=\"wp-block-embed-youtube wp-block-embed is-type-video is-provider-youtube wp-embed-aspect-16-9 wp-has-aspect-ratio\"><div class=\"wp-block-embed__wrapper\">\n<div class=\"jetpack-video-wrapper\"><iframe loading=\"lazy\" title=\"To Glory - BSPiano\" width=\"1020\" height=\"574\" src=\"https:\/\/www.youtube.com\/embed\/5zANCLT3uho?feature=oembed\" frameborder=\"0\" allow=\"accelerometer; autoplay; clipboard-write; encrypted-media; gyroscope; picture-in-picture; web-share\" referrerpolicy=\"strict-origin-when-cross-origin\" allowfullscreen><\/iframe><\/div>\n<\/div><\/figure>\n\n\n\n<p class=\"has-text-align-right\">F\u00f6ldes Anna<\/p>\n","protected":false},"excerpt":{"rendered":"<p>Ebben a h\u00f3napban a szabads\u00e1g t\u00e9mak\u00f6r\u00e9t j\u00e1rjuk k\u00f6rbe \u00e9s mi is adhatna nek\u00fcnk nagyobb szabads\u00e1got, mint a zene. Szel\u00e9nyi Benc\u00e9vel besz\u00e9lgettem zen\u00e9r\u0151l, a zene adta szabads\u00e1gr\u00f3l, kult\u00far\u00e1r\u00f3l \u00e9s annak meghat\u00e1roz\u00f3 jelleg\u00e9r\u0151l. Az \u00e9let\u00e9nek \u00e9s szem\u00e9ly\u00e9nek fontos sarokk\u00f6ve a zene \u00e9s nem mellesleg a PPK hallgat\u00f3ja. Hogyan kezd\u0151d\u00f6tt a kapcsolatod a zen\u00e9vel? Anyuk\u00e1m meglehet\u0151sen neves zongoratan\u00e1r, &hellip; <\/p>\n","protected":false},"author":2,"featured_media":0,"parent":2013,"menu_order":0,"comment_status":"closed","ping_status":"closed","template":"","meta":{"footnotes":""},"class_list":["post-4415","page","type-page","status-publish","hentry"],"jetpack_sharing_enabled":true,"_links":{"self":[{"href":"https:\/\/ppkhok.elte.hu\/index.php?rest_route=\/wp\/v2\/pages\/4415","targetHints":{"allow":["GET"]}}],"collection":[{"href":"https:\/\/ppkhok.elte.hu\/index.php?rest_route=\/wp\/v2\/pages"}],"about":[{"href":"https:\/\/ppkhok.elte.hu\/index.php?rest_route=\/wp\/v2\/types\/page"}],"author":[{"embeddable":true,"href":"https:\/\/ppkhok.elte.hu\/index.php?rest_route=\/wp\/v2\/users\/2"}],"replies":[{"embeddable":true,"href":"https:\/\/ppkhok.elte.hu\/index.php?rest_route=%2Fwp%2Fv2%2Fcomments&post=4415"}],"version-history":[{"count":1,"href":"https:\/\/ppkhok.elte.hu\/index.php?rest_route=\/wp\/v2\/pages\/4415\/revisions"}],"predecessor-version":[{"id":4418,"href":"https:\/\/ppkhok.elte.hu\/index.php?rest_route=\/wp\/v2\/pages\/4415\/revisions\/4418"}],"up":[{"embeddable":true,"href":"https:\/\/ppkhok.elte.hu\/index.php?rest_route=\/wp\/v2\/pages\/2013"}],"wp:attachment":[{"href":"https:\/\/ppkhok.elte.hu\/index.php?rest_route=%2Fwp%2Fv2%2Fmedia&parent=4415"}],"curies":[{"name":"wp","href":"https:\/\/api.w.org\/{rel}","templated":true}]}}