{"id":5223,"date":"2021-03-13T23:57:40","date_gmt":"2021-03-13T22:57:40","guid":{"rendered":"http:\/\/ppkhok.elte.hu\/?page_id=5223"},"modified":"2021-03-13T23:58:09","modified_gmt":"2021-03-13T22:58:09","slug":"a-siraso","status":"publish","type":"page","link":"https:\/\/ppkhok.elte.hu\/?page_id=5223","title":{"rendered":"A S\u00edr\u00e1s\u00f3"},"content":{"rendered":"\n<p>A s\u00edr\u00e1s\u00f3 f\u00e1radhatatlanul dolgozik.<br>Szombat d\u00e9lut\u00e1n van, es\u0151s id\u0151. Filmekbe ill\u0151 hangulat ez, mikor amerikai katon\u00e1k temet\u00e9s\u00e9n j\u00e1r az ember. Nincs sok munka a nyughely ki\u00e1s\u00e1s\u00e1val, mivel az elhunyt az \u00e1tlagn\u00e1l kisebb. Egy s\u00edr\u00e1s\u00f3 van, a t\u00f6bbiek csak a kopors\u00f3 behelyez\u00e9s\u00e9hez j\u00f6nnek seg\u00edteni. A harangok z\u00fag\u00e1s\u00e1ig m\u00e9g van negyed\u00f3ra, de m\u00e1r meg\u00e1sta a nyughelyet. Mit csin\u00e1ljon? Menjen vissza a fi\u00fakhoz k\u00e1rty\u00e1zni? Nem! \u0150 nem megy vissza azokhoz a r\u00e9szeg barmokhoz, akik csak n\u0151i mellekr\u0151l meg a focir\u00f3l tudnak besz\u00e9lni. \u0150 a nyugalmat keresi pillanatnyilag. Le\u00fcl a legk\u00f6zelebbi padra \u00e9s el\u0151vesz egy doboz Fecsk\u00e9t, meg a lapos\u00fcveg\u00e9t. Jobb cefre h\u00edj\u00e1n csak valami olcs\u00f3 l\u00f6tty van benne, mely utal a f\u00e9rfi \u00e9letsz\u00ednvonal\u00e1ra. Megh\u00fazza az \u00fcveget, nagyot kortyol, majd visszateszi elny\u0171tt b\u0151rkab\u00e1tj\u00e1nak bels\u0151 zseb\u00e9be. Nagy gonddal el\u0151veszi a szivark\u00e1t, \u00e9s meggy\u00fajtja. M\u00e9lyeket szippant bele, er\u0151sen k\u00f6h\u00f6g t\u0151le.<\/p>\n\n\n\n<p>&nbsp;-Le k\u00e9ne m\u00e1r szokni err\u0151l is &#8211; mondja a f\u00fcstfelh\u0151 m\u00f6g\u00fcl egykedv\u0171en, n\u00e9z ki a fej\u00e9b\u0151l. A fej\u00e9b\u0151l, mely egy lecs\u00faszott, rem\u00e9nyvesztett emberhez tartozik.<\/p>\n\n\n\n<p>Elgondolkodik, biztosan j\u00f3 helyen van? Nem k\u00e9ne egy harminc emeletes irodah\u00e1z tetej\u00e9n l\u00e9v\u0151 ultramodern irod\u00e1ban \u00fclnie, \u00e9s egy halom p\u00e9nzt keresnie? Most m\u00e1r mindegy. 25 \u00e9ve csin\u00e1lja. Nem k\u00e1r\u00f6rvend\u0151, de valamelyest \u00f6r\u00fcl a hal\u00e1lnak, hiszen \u00e1ltaluk s\u00edr\u00e1s\u00f3k\u00e9nt plusz p\u00e9nzhez jut. R\u00e1ad\u00e1sul nem is kell lead\u00f3znia! Ez tiszta haszon!<br>Ekkor megsz\u00f3lalnak a harangok. Az elhunyt hozz\u00e1tartoz\u00f3i elindulnak a tisztelend\u0151 atya vezet\u00e9s\u00e9vel, a r\u00e9szeges koll\u00e9g\u00e1k pedig m\u00e1r k\u00f6zel j\u00e1rnak hozz\u00e1. A halotti besz\u00e9d a szok\u00e1sosn\u00e1l r\u00f6videbb, meglep\u0151en. A pap egy id\u00e9zetet mond a Bibli\u00e1b\u00f3l, a besz\u00e9d utols\u00f3 sora meg\u00e9rinti a s\u00edr\u00e1s\u00f3t: <em>\u201eSemmit sem hoztunk a vil\u00e1gba, nem is vihet\u00fcnk ki semmit bel\u0151le.\u201d<\/em> Egy hozz\u00e1tartoz\u00f3 sem mond besz\u00e9det. Ez nagyon furcsa. Ilyen egyszer\u0171, boldogtalan \u00e9lete lett volna? Fel\u00e1ll, odamegy, \u00e9s seg\u00edt a t\u00f6bbieknek behelyezni a kopors\u00f3t. Berakj\u00e1k, majd gyors, rutinos mozdulatokkal be\u00e1ss\u00e1k a s\u00edrt, mintha a vil\u00e1g legegyszer\u0171bb dolga lenne. Egy hozz\u00e1tartoz\u00f3 kit\u0171zi a fejf\u00e1t, melyen a k\u00f6vetkez\u0151 olvashat\u00f3: <em>\u201eBorb\u00e9ly J\u00e1nos, \u00e9lt 59 \u00e9vet\u201d<\/em>. A t\u00f6meg hamar sz\u00e9tsz\u00e9led, csak a pap \u00e9s a s\u00edr\u00e1s\u00f3 marad. Az atya m\u00e9g egy im\u00e1t mond az elhunyt\u00e9rt, a s\u00edr\u00e1s\u00f3 pedig csak a s\u00edrt n\u00e9zi. Pontosabban a f\u00f6ldet. Azt, ahogyan a porhany\u00f3s f\u00f6ld \u00e9s az es\u0151cseppek \u00f6sszeolvadnak. Egy \u00faj, k\u00fcl\u00f6n\u00f6s anyag keletkezik: a s\u00e1r.<br>Miut\u00e1n befejezte a zsolozsm\u00e1t, a pap finoman, de \u00e9rezhet\u0151en a f\u00e9rfi v\u00e1ll\u00e1ra teszi a kez\u00e9t \u00e9s egy bor\u00edt\u00e9kot ad \u00e1t neki, melyben egy De\u00e1k-igazolv\u00e1ny pihen. Er\u0151s, hat\u00e1rozott k\u00e9zfog\u00e1st v\u00e1ltanak, majd n\u00e9m\u00e1n elindulnak, ki-ki a maga \u00fatj\u00e1n. A s\u00edr\u00e1s\u00f3 a patika fel\u00e9 indul, ami k\u00f6zvetlen\u00fcl a doh\u00e1nybolt mellett van, k\u00e9t utc\u00e1ra a temet\u0151t\u0151l. El\u0151sz\u00f6r a patik\u00e1ba l\u00e9p be, ahol m\u00e1r j\u00f3l ismerik.<\/p>\n\n\n\n<p>&#8211; A szok\u00e1sosat? &#8211; k\u00e9rdi a patikus.<\/p>\n\n\n\n<p>-Igen kisasszony &#8211; felel a s\u00edr\u00e1s\u00f3.<\/p>\n\n\n\n<p>Megkapja a gy\u00f3gyszert melyen a k\u00f6vetkez\u0151 felirat \u00e1ll: Xanax. A kisasszony elk\u00e9ri a p\u00e9nzt \u00e9s a v\u00e9nyt, mire a f\u00e9rfi megk\u00f6sz\u00f6ni \u00e9s t\u00e1vozik a boltb\u00f3l. A doh\u00e1nyboltban csak k\u00e9t t\u00fcsk\u00e9t, \u00e9s egy doboz olcs\u00f3 s\u00f6rt k\u00e9r. Hazamegy. Otthon lezuhanyzik, felveszi alv\u00f3boxer\u00e9t. Szalonn\u00e1t \u00e9s kenyeret vacsor\u00e1zik, azzal a bicsk\u00e1val, amit m\u00e9g a nagyapja adott neki \u00e1ltal\u00e1nos iskolai ballag\u00e1sa ut\u00e1n. Megn\u00e9zi a h\u00edreket, de unja az eg\u00e9szet, ink\u00e1bb lefekszik aludni. Csak a plafont n\u00e9zi, nem j\u00f6n \u00e1lom a szem\u00e9re. Eltelik \u00edgy egy-k\u00e9t \u00f3ra. Homlok\u00e1ra csap, csak most jutott esz\u00e9be a Xanax. Bevesz egyet. Tov\u00e1bbra is a plafont b\u00e1mulja, nem tud elaludni. Ekkor felb\u0151sz\u00fcl \u00e9s hirtelen haragj\u00e1ban bekapkodja az eg\u00e9sz lev\u00e9l nyugtat\u00f3t.<\/p>\n\n\n\n<p>-Na ez m\u00e1r csak hatni fog! &#8211; mondja inger\u00fclten<\/p>\n\n\n\n<p>Mikor r\u00e1j\u00f6n, hogy mit is m\u0171velt val\u00f3j\u00e1ban, kifakad bel\u0151le a s\u00edr\u00e1s. B\u00facs\u00faztatja \u00e9let\u00e9t, el\u0151j\u00f6nnek a gyermekkori eml\u00e9kei, els\u0151 szerelme, a folyamat ahogyan kisiklott az \u00e9lete \u00e9s ahogy s\u00edr\u00e1s\u00f3v\u00e1 v\u00e1lt.<br>Kis\u00edrja mag\u00e1t, elmosolyodik, nagyot s\u00f3hajt, \u00e9s nyugt\u00e1zva kimondja:<\/p>\n\n\n\n<p>&#8211; Na, most m\u00e1r ideje lenne aludni egy j\u00f3t!<\/p>\n\n\n\n<p>Lehunyja szemeit, melyek soha t\u00f6bb\u00e9 nem ny\u00edlnak ki.<\/p>\n\n\n\n<p class=\"has-text-align-right\">F. T\u00f3th Bal\u00e1zs<\/p>\n","protected":false},"excerpt":{"rendered":"<p>A s\u00edr\u00e1s\u00f3 f\u00e1radhatatlanul dolgozik.Szombat d\u00e9lut\u00e1n van, es\u0151s id\u0151. Filmekbe ill\u0151 hangulat ez, mikor amerikai katon\u00e1k temet\u00e9s\u00e9n j\u00e1r az ember. Nincs sok munka a nyughely ki\u00e1s\u00e1s\u00e1val, mivel az elhunyt az \u00e1tlagn\u00e1l kisebb. Egy s\u00edr\u00e1s\u00f3 van, a t\u00f6bbiek csak a kopors\u00f3 behelyez\u00e9s\u00e9hez j\u00f6nnek seg\u00edteni. A harangok z\u00fag\u00e1s\u00e1ig m\u00e9g van negyed\u00f3ra, de m\u00e1r meg\u00e1sta a nyughelyet. Mit csin\u00e1ljon? &hellip; <\/p>\n","protected":false},"author":2,"featured_media":0,"parent":2013,"menu_order":0,"comment_status":"closed","ping_status":"closed","template":"","meta":{"footnotes":""},"class_list":["post-5223","page","type-page","status-publish","hentry"],"jetpack_sharing_enabled":true,"_links":{"self":[{"href":"https:\/\/ppkhok.elte.hu\/index.php?rest_route=\/wp\/v2\/pages\/5223","targetHints":{"allow":["GET"]}}],"collection":[{"href":"https:\/\/ppkhok.elte.hu\/index.php?rest_route=\/wp\/v2\/pages"}],"about":[{"href":"https:\/\/ppkhok.elte.hu\/index.php?rest_route=\/wp\/v2\/types\/page"}],"author":[{"embeddable":true,"href":"https:\/\/ppkhok.elte.hu\/index.php?rest_route=\/wp\/v2\/users\/2"}],"replies":[{"embeddable":true,"href":"https:\/\/ppkhok.elte.hu\/index.php?rest_route=%2Fwp%2Fv2%2Fcomments&post=5223"}],"version-history":[{"count":1,"href":"https:\/\/ppkhok.elte.hu\/index.php?rest_route=\/wp\/v2\/pages\/5223\/revisions"}],"predecessor-version":[{"id":5224,"href":"https:\/\/ppkhok.elte.hu\/index.php?rest_route=\/wp\/v2\/pages\/5223\/revisions\/5224"}],"up":[{"embeddable":true,"href":"https:\/\/ppkhok.elte.hu\/index.php?rest_route=\/wp\/v2\/pages\/2013"}],"wp:attachment":[{"href":"https:\/\/ppkhok.elte.hu\/index.php?rest_route=%2Fwp%2Fv2%2Fmedia&parent=5223"}],"curies":[{"name":"wp","href":"https:\/\/api.w.org\/{rel}","templated":true}]}}